{"id":9,"date":"2021-10-26T21:11:33","date_gmt":"2021-10-26T19:11:33","guid":{"rendered":"http:\/\/ecolestjbosco.fr\/?page_id=9"},"modified":"2025-10-14T14:33:21","modified_gmt":"2025-10-14T12:33:21","slug":"equipe-educative","status":"publish","type":"page","link":"https:\/\/ecolestjbosco.fr\/index.php\/equipe-educative\/","title":{"rendered":"Equipe \u00e9ducative"},"content":{"rendered":"\n<h2 class=\"wp-block-heading\">Structure p\u00e9dagogique 2024\/2025<\/h2>\n\n\n\n<p>Direction&nbsp;: Nathalie Villalard<\/p>\n\n\n\n<figure class=\"wp-block-table\"><table><tbody><tr><td>TPS\/PS<\/td><td>26 \u00e9l\u00e8ves<\/td><td>Fran\u00e7oise Hay\u00e8re<\/td><\/tr><tr><td>MS\/GS<\/td><td>26 \u00e9l\u00e8ves<\/td><td>Nathalie Villalard<br>Steve Nestoret<\/td><\/tr><tr><td>CP\/CE1<\/td><td>21 \u00e9l\u00e8ves<\/td><td>Tifenn Bourges<\/td><\/tr><tr><td>CE2\/CM1<\/td><td>20 \u00e9l\u00e8ves<\/td><td>C\u00e9cilia Alin<\/td><\/tr><tr><td>CM1\/CM2<\/td><td>21 \u00e9l\u00e8ves<\/td><td>Margaux Tarriol<br>Steve Nestoret<\/td><\/tr><tr><td>Enseignant sp\u00e9cialis\u00e9 <\/td><td><\/td><td>Nathalie Cintr\u00e9<\/td><\/tr><\/tbody><\/table><\/figure>\n\n\n\n<h2 class=\"wp-block-heading\">Equipe du personnel<\/h2>\n\n\n\n<p>Deux ASEM&nbsp;: Elodie Prod\u2019Homme et Nicole Quenech\u2019du<\/p>\n\n\n\n<p>Deux agents de services\u00a0: PascaleNey et C\u00e9line L\u00e9v\u00eaque<\/p>\n","protected":false},"excerpt":{"rendered":"<p>Structure p\u00e9dagogique 2024\/2025 Direction&nbsp;: Nathalie Villalard TPS\/PS 26 \u00e9l\u00e8ves Fran\u00e7oise Hay\u00e8re MS\/GS 26 \u00e9l\u00e8ves Nathalie VillalardSteve Nestoret CP\/CE1 21 \u00e9l\u00e8ves Tifenn Bourges CE2\/CM1 20 \u00e9l\u00e8ves C\u00e9cilia Alin CM1\/CM2 21 \u00e9l\u00e8ves Margaux TarriolSteve Nestoret Enseignant sp\u00e9cialis\u00e9 Nathalie Cintr\u00e9 Equipe du personnel Deux ASEM&nbsp;: Elodie Prod\u2019Homme et Nicole Quenech\u2019du Deux agents de services\u00a0: PascaleNey et C\u00e9line L\u00e9v\u00eaque<\/p>\n","protected":false},"author":1,"featured_media":0,"parent":0,"menu_order":0,"comment_status":"closed","ping_status":"closed","template":"","meta":{"footnotes":""},"class_list":["post-9","page","type-page","status-publish","hentry"],"_links":{"self":[{"href":"https:\/\/ecolestjbosco.fr\/index.php\/wp-json\/wp\/v2\/pages\/9"}],"collection":[{"href":"https:\/\/ecolestjbosco.fr\/index.php\/wp-json\/wp\/v2\/pages"}],"about":[{"href":"https:\/\/ecolestjbosco.fr\/index.php\/wp-json\/wp\/v2\/types\/page"}],"author":[{"embeddable":true,"href":"https:\/\/ecolestjbosco.fr\/index.php\/wp-json\/wp\/v2\/users\/1"}],"replies":[{"embeddable":true,"href":"https:\/\/ecolestjbosco.fr\/index.php\/wp-json\/wp\/v2\/comments?post=9"}],"version-history":[{"count":5,"href":"https:\/\/ecolestjbosco.fr\/index.php\/wp-json\/wp\/v2\/pages\/9\/revisions"}],"predecessor-version":[{"id":541,"href":"https:\/\/ecolestjbosco.fr\/index.php\/wp-json\/wp\/v2\/pages\/9\/revisions\/541"}],"wp:attachment":[{"href":"https:\/\/ecolestjbosco.fr\/index.php\/wp-json\/wp\/v2\/media?parent=9"}],"curies":[{"name":"wp","href":"https:\/\/api.w.org\/{rel}","templated":true}]}}