{"id":7,"date":"2021-10-26T21:11:16","date_gmt":"2021-10-26T19:11:16","guid":{"rendered":"http:\/\/ecolestjbosco.fr\/?page_id=7"},"modified":"2021-11-26T21:58:45","modified_gmt":"2021-11-26T20:58:45","slug":"association-de-parents-deleves","status":"publish","type":"page","link":"https:\/\/ecolestjbosco.fr\/index.php\/association-de-parents-deleves\/","title":{"rendered":"Association de parents d\u2019\u00e9l\u00e8ves"},"content":{"rendered":"\n<figure class=\"wp-block-image size-full\"><img loading=\"lazy\" decoding=\"async\" width=\"100\" height=\"63\" src=\"http:\/\/ecolestjbosco.fr\/wp-content\/uploads\/2021\/11\/6c0778dfc876f4955cd7435ec8dfd66b9f2e30da-logo-ogec.jpeg\" alt=\"\" class=\"wp-image-65\"\/><\/figure>\n\n\n\n<p>Les OGEC (Organismes de gestion de l&#8217;Enseignement catholique) constituent les supports juridiques, \u00e9conomiques et financiers des \u00e9tablissements catholiques d&#8217;enseignement. <\/p>\n\n\n\n<p>Responsable de la gestion \u00e9conomique, financi\u00e8re et sociale de l&#8217;\u00e9tablissement, l&#8217;Ogec exerce cette fonction en tenant compte du projet d&#8217;\u00e9tablissement, du Statut de l&#8217;Enseignement catholique, et de l&#8217;autorit\u00e9 de tutelle.<\/p>\n\n\n\n<ul class=\"wp-block-list\"><li>L\u2019OGEC a la charge de l\u2019entretien des b\u00e2timents scolaires (respect des r\u00e8gles d\u2019hygi\u00e8ne, de la s\u00e9curit\u00e9 et de la mise aux normes, acquisitions et ali\u00e9nations des biens n\u00e9cessaires\u2026).<\/li><\/ul>\n\n\n\n<ul class=\"wp-block-list\"><li>L\u2019OGEC est l\u2019employeur l\u00e9gal des tous les personnels non enseignants qu\u2019il r\u00e9mun\u00e8re directement. Il est responsable de l\u2019application de la l\u00e9gislation sociale et des conventions collectives.<\/li><li>L\u2019OGEC est compos\u00e9 de membres, b\u00e9n\u00e9voles et \u00e9lus, qui apportent leur exp\u00e9rience de gestionnaire pour veiller au bon fonctionnement juridique et financier de l\u2019\u00e9tablissement dans le respect des orientations de l\u2019enseignement catholique.<\/li><li>L&#8217;OGEC fait partie int\u00e9grante de la communaut\u00e9 \u00e9ducative plac\u00e9e sous la responsabilit\u00e9 du chef d&#8217;\u00e9tablissement et donne les moyens \u00e0 l&#8217;\u00e9tablissement de mettre en oeuvre le projet \u00e9ducatif.<br><\/li><\/ul>\n\n\n\n<p>Cette ann\u00e9e 2021-2022, le conseil est compos\u00e9 de 10 membres.<br>Le bureau, \u00e9lu par le conseil, est compos\u00e9 de: <\/p>\n\n\n\n<figure class=\"wp-block-image size-large is-resized\"><img loading=\"lazy\" decoding=\"async\" src=\"http:\/\/ecolestjbosco.fr\/wp-content\/uploads\/2021\/11\/Groupe-Ogec-1024x768.jpg\" alt=\"\" class=\"wp-image-85\" width=\"385\" height=\"288\" srcset=\"https:\/\/ecolestjbosco.fr\/wp-content\/uploads\/2021\/11\/Groupe-Ogec-1024x768.jpg 1024w, https:\/\/ecolestjbosco.fr\/wp-content\/uploads\/2021\/11\/Groupe-Ogec-300x225.jpg 300w, https:\/\/ecolestjbosco.fr\/wp-content\/uploads\/2021\/11\/Groupe-Ogec-768x576.jpg 768w, https:\/\/ecolestjbosco.fr\/wp-content\/uploads\/2021\/11\/Groupe-Ogec.jpg 1280w\" sizes=\"(max-width: 385px) 100vw, 385px\" \/><\/figure>\n\n\n\n<p>&#8212; Chlo\u00e9 Le Foulgoc (Secr\u00e9taire)<\/p>\n\n\n\n<p>&#8212; Emilie Paulic (Tr\u00e9sori\u00e8re)<\/p>\n\n\n\n<p>&#8212; Thomas De Kerautem (Vice-Pr\u00e9sident) <\/p>\n\n\n\n<p>&#8212; Maryl\u00e8ne Barbarit-Saporito (Pr\u00e9sidente).&nbsp;<\/p>\n\n\n\n<p><br>Nous organisons r\u00e9guli\u00e8rement dans l&#8217;ann\u00e9e des journ\u00e9es bricolage, ouvertes aux parents d&#8217;\u00e9l\u00e8ve, afin d&#8217;entretenir et de r\u00e9nover l&#8217;\u00e9cole.&nbsp;<\/p>\n\n\n\n<p><br>Nous sommes toujours heureux d&#8217;accueillir de nouveaux membres, n&#8217;h\u00e9sitez pas \u00e0 nous contacter \u00e0 <a rel=\"noreferrer noopener\" href=\"mailto:ogecsjb@gmail.com\" target=\"_blank\">ogecsjb@gmail.com<\/a><\/p>\n","protected":false},"excerpt":{"rendered":"<p>Les OGEC (Organismes de gestion de l&#8217;Enseignement catholique) constituent les supports juridiques, \u00e9conomiques et financiers des \u00e9tablissements catholiques d&#8217;enseignement. Responsable de la gestion \u00e9conomique, financi\u00e8re et sociale de l&#8217;\u00e9tablissement, l&#8217;Ogec exerce cette fonction en tenant compte du projet d&#8217;\u00e9tablissement, du Statut de l&#8217;Enseignement catholique, et de l&#8217;autorit\u00e9 de tutelle. L\u2019OGEC a la charge de l\u2019entretien &hellip; <\/p>\n<p class=\"link-more\"><a href=\"https:\/\/ecolestjbosco.fr\/index.php\/association-de-parents-deleves\/\" class=\"more-link\">Continue reading<span class=\"screen-reader-text\"> &#8220;Association de parents d\u2019\u00e9l\u00e8ves&#8221;<\/span><\/a><\/p>\n","protected":false},"author":1,"featured_media":0,"parent":0,"menu_order":0,"comment_status":"closed","ping_status":"closed","template":"","meta":{"footnotes":""},"class_list":["post-7","page","type-page","status-publish","hentry"],"_links":{"self":[{"href":"https:\/\/ecolestjbosco.fr\/index.php\/wp-json\/wp\/v2\/pages\/7"}],"collection":[{"href":"https:\/\/ecolestjbosco.fr\/index.php\/wp-json\/wp\/v2\/pages"}],"about":[{"href":"https:\/\/ecolestjbosco.fr\/index.php\/wp-json\/wp\/v2\/types\/page"}],"author":[{"embeddable":true,"href":"https:\/\/ecolestjbosco.fr\/index.php\/wp-json\/wp\/v2\/users\/1"}],"replies":[{"embeddable":true,"href":"https:\/\/ecolestjbosco.fr\/index.php\/wp-json\/wp\/v2\/comments?post=7"}],"version-history":[{"count":4,"href":"https:\/\/ecolestjbosco.fr\/index.php\/wp-json\/wp\/v2\/pages\/7\/revisions"}],"predecessor-version":[{"id":86,"href":"https:\/\/ecolestjbosco.fr\/index.php\/wp-json\/wp\/v2\/pages\/7\/revisions\/86"}],"wp:attachment":[{"href":"https:\/\/ecolestjbosco.fr\/index.php\/wp-json\/wp\/v2\/media?parent=7"}],"curies":[{"name":"wp","href":"https:\/\/api.w.org\/{rel}","templated":true}]}}