{"id":15,"date":"2021-10-26T21:36:18","date_gmt":"2021-10-26T19:36:18","guid":{"rendered":"http:\/\/ecolestjbosco.fr\/?page_id=15"},"modified":"2024-10-28T17:47:58","modified_gmt":"2024-10-28T16:47:58","slug":"le-projet-de-lecole","status":"publish","type":"page","link":"https:\/\/ecolestjbosco.fr\/index.php\/le-projet-de-lecole\/","title":{"rendered":"Projet \u00e9ducatif de l\u2019\u00e9cole St Jean Bosco"},"content":{"rendered":"\n<p>L\u2019\u00e9cole St Jean Bosco se donne pour<strong><span style=\"text-decoration: underline;\"> objectifs<\/span> <\/strong>:<br>&#8211; permettre aux \u00e9l\u00e8ves de ma\u00eetriser les savoirs et les connaissances d\u00e9finis par les instructions officielles.<br>&#8211; respecter les diff\u00e9rents rythmes d\u2019apprentissages, permettre le droit \u00e0 l\u2019erreur.<br>&#8211; \u00e9couter l\u2019\u00e9l\u00e8ve, prendre en compte son histoire pour l\u2019aider \u00e0 progresser par rapport \u00e0 lui-m\u00eame.<br><\/p>\n\n\n\n<p>L\u2019\u00e9cole St Jean Bosco souhaite \u00eatre <span style=\"text-decoration: underline;\"><strong>un lieu<\/strong><\/span> :<br>&#8211; o\u00f9 l\u2019\u00e9l\u00e8ve vienne avec plaisir et se sente en s\u00e9curit\u00e9.<br>&#8211; o\u00f9 le regard pos\u00e9 sur l\u2019autre (enfant ou adulte) soit respectueux et bienveillant.<br>&#8211; o\u00f9 les talents sont mis en valeur<br>&#8211; o\u00f9 l\u2019autonomie, le sens de l\u2019effort, la solidarit\u00e9 et le sentiment d\u2019appartenance \u00e0 la communaut\u00e9 sont suscit\u00e9s.<br>&#8211; o\u00f9 la sanction est r\u00e9paration.<br>&#8211; o\u00f9 tous les partenaires de la communaut\u00e9 \u00e9ducative collaborent dans un climat de confiance.<\/p>\n\n\n\n<p>L\u2019\u00e9cole St Jean Bosco <span style=\"text-decoration: underline;\"><strong>s\u2019engage \u00e0<\/strong><\/span> :<br>&#8211; accueillir chacun dans le respect de ses croyances.<br>&#8211; transmettre une culture chr\u00e9tienne.<br>&#8211; proposer et faire vivre les valeurs de l\u2019Evangile au travers du Partage, du Pardon, du Service et de l\u2019Esp\u00e9rance.<\/p>\n","protected":false},"excerpt":{"rendered":"<p>L\u2019\u00e9cole St Jean Bosco se donne pour objectifs :&#8211; permettre aux \u00e9l\u00e8ves de ma\u00eetriser les savoirs et les connaissances d\u00e9finis par les instructions officielles.&#8211; respecter les diff\u00e9rents rythmes d\u2019apprentissages, permettre le droit \u00e0 l\u2019erreur.&#8211; \u00e9couter l\u2019\u00e9l\u00e8ve, prendre en compte son histoire pour l\u2019aider \u00e0 progresser par rapport \u00e0 lui-m\u00eame. L\u2019\u00e9cole St Jean Bosco souhaite \u00eatre &hellip; <\/p>\n<p class=\"link-more\"><a href=\"https:\/\/ecolestjbosco.fr\/index.php\/le-projet-de-lecole\/\" class=\"more-link\">Continue reading<span class=\"screen-reader-text\"> &#8220;Projet \u00e9ducatif de l\u2019\u00e9cole St Jean Bosco&#8221;<\/span><\/a><\/p>\n","protected":false},"author":1,"featured_media":0,"parent":0,"menu_order":0,"comment_status":"closed","ping_status":"closed","template":"","meta":{"footnotes":""},"class_list":["post-15","page","type-page","status-publish","hentry"],"_links":{"self":[{"href":"https:\/\/ecolestjbosco.fr\/index.php\/wp-json\/wp\/v2\/pages\/15"}],"collection":[{"href":"https:\/\/ecolestjbosco.fr\/index.php\/wp-json\/wp\/v2\/pages"}],"about":[{"href":"https:\/\/ecolestjbosco.fr\/index.php\/wp-json\/wp\/v2\/types\/page"}],"author":[{"embeddable":true,"href":"https:\/\/ecolestjbosco.fr\/index.php\/wp-json\/wp\/v2\/users\/1"}],"replies":[{"embeddable":true,"href":"https:\/\/ecolestjbosco.fr\/index.php\/wp-json\/wp\/v2\/comments?post=15"}],"version-history":[{"count":3,"href":"https:\/\/ecolestjbosco.fr\/index.php\/wp-json\/wp\/v2\/pages\/15\/revisions"}],"predecessor-version":[{"id":121,"href":"https:\/\/ecolestjbosco.fr\/index.php\/wp-json\/wp\/v2\/pages\/15\/revisions\/121"}],"wp:attachment":[{"href":"https:\/\/ecolestjbosco.fr\/index.php\/wp-json\/wp\/v2\/media?parent=15"}],"curies":[{"name":"wp","href":"https:\/\/api.w.org\/{rel}","templated":true}]}}